{"id":861,"date":"2025-09-20T20:03:15","date_gmt":"2025-09-20T18:03:15","guid":{"rendered":"https:\/\/grasshopper.chosenone.pl\/?post_type=product&#038;p=861"},"modified":"2025-09-20T20:32:07","modified_gmt":"2025-09-20T18:32:07","slug":"grasshopper-cell-food","status":"publish","type":"product","link":"https:\/\/grasshopper.chosenone.pl\/en\/product\/grasshopper-cell-food\/","title":{"rendered":"Grasshopper Cell Food"},"content":{"rendered":"<div data-elementor-type=\"wp-post\" data-elementor-id=\"861\" class=\"elementor elementor-861\">\n\t\t\t\t<div class=\"elementor-element elementor-element-dfef727 e-con-full e-flex wpr-particle-no wpr-jarallax-no wpr-parallax-no wpr-sticky-section-no e-con e-parent\" data-id=\"dfef727\" data-element_type=\"container\" data-settings=\"{&quot;background_background&quot;:&quot;classic&quot;}\">\n\t\t\t\t<div class=\"elementor-element elementor-element-ec0f4b0 elementor-widget elementor-widget-heading\" data-id=\"ec0f4b0\" data-element_type=\"widget\" data-widget_type=\"heading.default\">\n\t\t\t\t<div class=\"elementor-widget-container\">\n\t\t\t\t\t<h2 class=\"elementor-heading-title elementor-size-default\">WOULD YOU LIKE TO LISTEN TO THE ENTIRE BROADCAST ABOUT THIS PRODUCT?<\/h2>\t\t\t\t<\/div>\n\t\t\t\t<\/div>\n\t\t\t\t<div class=\"elementor-element elementor-element-8b6e58f elementor-align-center elementor-widget elementor-widget-button\" data-id=\"8b6e58f\" data-element_type=\"widget\" data-widget_type=\"button.default\">\n\t\t\t\t<div class=\"elementor-widget-container\">\n\t\t\t\t\t\t\t\t\t<div class=\"elementor-button-wrapper\">\n\t\t\t\t\t<a class=\"elementor-button elementor-button-link elementor-size-sm\" href=\"#\">\n\t\t\t\t\t\t<span class=\"elementor-button-content-wrapper\">\n\t\t\t\t\t\t\t\t\t<span class=\"elementor-button-text\">LISTEN<\/span>\n\t\t\t\t\t<\/span>\n\t\t\t\t\t<\/a>\n\t\t\t\t<\/div>\n\t\t\t\t\t\t\t\t<\/div>\n\t\t\t\t<\/div>\n\t\t\t\t<\/div>\n\t\t<div class=\"elementor-element elementor-element-3a51a68 e-con-full e-flex wpr-particle-no wpr-jarallax-no wpr-parallax-no wpr-sticky-section-no e-con e-parent\" data-id=\"3a51a68\" data-element_type=\"container\" data-settings=\"{&quot;background_background&quot;:&quot;classic&quot;}\">\n\t\t<div class=\"elementor-element elementor-element-e028c82 e-con-full e-flex wpr-particle-no wpr-jarallax-no wpr-parallax-no wpr-sticky-section-no e-con e-child\" data-id=\"e028c82\" data-element_type=\"container\">\n\t\t\t\t<div class=\"elementor-element elementor-element-be7b3da elementor-widget elementor-widget-heading\" data-id=\"be7b3da\" data-element_type=\"widget\" data-widget_type=\"heading.default\">\n\t\t\t\t<div class=\"elementor-widget-container\">\n\t\t\t\t\t<h2 class=\"elementor-heading-title elementor-size-default\">Poznaj prze\u0142omowy suplement diety inspirowany 20-letnim do\u015bwiadczeniem Apteki Konik Polny!<\/h2>\t\t\t\t<\/div>\n\t\t\t\t<\/div>\n\t\t\t\t<div class=\"elementor-element elementor-element-374526c elementor-widget elementor-widget-text-editor\" data-id=\"374526c\" data-element_type=\"widget\" data-widget_type=\"text-editor.default\">\n\t\t\t\t<div class=\"elementor-widget-container\">\n\t\t\t\t\t\t\t\t\t<p><strong>Kompleksowy, p\u0142ynny suplement, kt\u00f3ry daje Ci energi\u0119 na ca\u0142y dzie\u0144 i pe\u0142ne wsparcie dla ka\u017cdej kom\u00f3rki Twojego cia\u0142a.<\/strong><\/p><p>Wyobra\u017a sobie produkt, kt\u00f3ry \u0142\u0105czy <strong>wszystko, czego potrzebujesz<\/strong>, by dba\u0107 o zdrowie i kondycj\u0119 \u2013 ka\u017cdego dnia, przez d\u0142ugie lata!<br \/>Grasshopper Cell Food to efekt pracy i pasji zespo\u0142u Grasshopper \u2013 pierwsza na rynku tak <strong>pe\u0142na, naturalna i bio-przyswajalna formu\u0142a<\/strong> do codziennego uzupe\u0142niania witamin, minera\u0142\u00f3w i antyoksydant\u00f3w.<\/p>\t\t\t\t\t\t\t\t<\/div>\n\t\t\t\t<\/div>\n\t\t\t\t<\/div>\n\t\t<div class=\"elementor-element elementor-element-cf25d44 e-con-full e-flex wpr-particle-no wpr-jarallax-no wpr-parallax-no wpr-sticky-section-no e-con e-child\" data-id=\"cf25d44\" data-element_type=\"container\">\n\t\t\t\t<div class=\"elementor-element elementor-element-98c912a elementor-widget elementor-widget-image\" data-id=\"98c912a\" data-element_type=\"widget\" data-widget_type=\"image.default\">\n\t\t\t\t<div class=\"elementor-widget-container\">\n\t\t\t\t\t\t\t\t\t\t\t\t\t\t\t<img fetchpriority=\"high\" decoding=\"async\" width=\"1024\" height=\"1024\" src=\"https:\/\/grasshopper.chosenone.pl\/wp-content\/uploads\/2025\/09\/Opis1.webp\" class=\"attachment-large size-large wp-image-871\" alt=\"\" srcset=\"https:\/\/grasshopper.chosenone.pl\/wp-content\/uploads\/2025\/09\/Opis1.webp 1024w, https:\/\/grasshopper.chosenone.pl\/wp-content\/uploads\/2025\/09\/Opis1-300x300.webp 300w, https:\/\/grasshopper.chosenone.pl\/wp-content\/uploads\/2025\/09\/Opis1-150x150.webp 150w, https:\/\/grasshopper.chosenone.pl\/wp-content\/uploads\/2025\/09\/Opis1-768x768.webp 768w, https:\/\/grasshopper.chosenone.pl\/wp-content\/uploads\/2025\/09\/Opis1-12x12.webp 12w, https:\/\/grasshopper.chosenone.pl\/wp-content\/uploads\/2025\/09\/Opis1-600x600.webp 600w, https:\/\/grasshopper.chosenone.pl\/wp-content\/uploads\/2025\/09\/Opis1-100x100.webp 100w\" sizes=\"(max-width: 1024px) 100vw, 1024px\" \/>\t\t\t\t\t\t\t\t\t\t\t\t\t\t\t<\/div>\n\t\t\t\t<\/div>\n\t\t\t\t<\/div>\n\t\t\t\t<\/div>\n\t\t<div class=\"elementor-element elementor-element-30c10b6 e-con-full e-flex wpr-particle-no wpr-jarallax-no wpr-parallax-no wpr-sticky-section-no e-con e-parent\" data-id=\"30c10b6\" data-element_type=\"container\" data-settings=\"{&quot;background_background&quot;:&quot;classic&quot;}\">\n\t\t<div class=\"elementor-element elementor-element-4d73a51 e-con-full e-flex wpr-particle-no wpr-jarallax-no wpr-parallax-no wpr-sticky-section-no e-con e-child\" data-id=\"4d73a51\" data-element_type=\"container\">\n\t\t\t\t<div class=\"elementor-element elementor-element-bfcc218 elementor-widget elementor-widget-image\" data-id=\"bfcc218\" data-element_type=\"widget\" data-widget_type=\"image.default\">\n\t\t\t\t<div class=\"elementor-widget-container\">\n\t\t\t\t\t\t\t\t\t\t\t\t\t\t\t<img decoding=\"async\" width=\"1024\" height=\"1024\" src=\"https:\/\/grasshopper.chosenone.pl\/wp-content\/uploads\/2025\/09\/Opis2.webp\" class=\"attachment-large size-large wp-image-872\" alt=\"\" srcset=\"https:\/\/grasshopper.chosenone.pl\/wp-content\/uploads\/2025\/09\/Opis2.webp 1024w, https:\/\/grasshopper.chosenone.pl\/wp-content\/uploads\/2025\/09\/Opis2-300x300.webp 300w, https:\/\/grasshopper.chosenone.pl\/wp-content\/uploads\/2025\/09\/Opis2-150x150.webp 150w, https:\/\/grasshopper.chosenone.pl\/wp-content\/uploads\/2025\/09\/Opis2-768x768.webp 768w, https:\/\/grasshopper.chosenone.pl\/wp-content\/uploads\/2025\/09\/Opis2-12x12.webp 12w, https:\/\/grasshopper.chosenone.pl\/wp-content\/uploads\/2025\/09\/Opis2-600x600.webp 600w, https:\/\/grasshopper.chosenone.pl\/wp-content\/uploads\/2025\/09\/Opis2-100x100.webp 100w\" sizes=\"(max-width: 1024px) 100vw, 1024px\" \/>\t\t\t\t\t\t\t\t\t\t\t\t\t\t\t<\/div>\n\t\t\t\t<\/div>\n\t\t\t\t<\/div>\n\t\t<div class=\"elementor-element elementor-element-a79cf6a e-con-full e-flex wpr-particle-no wpr-jarallax-no wpr-parallax-no wpr-sticky-section-no e-con e-child\" data-id=\"a79cf6a\" data-element_type=\"container\">\n\t\t\t\t<div class=\"elementor-element elementor-element-3f54344 elementor-widget elementor-widget-heading\" data-id=\"3f54344\" data-element_type=\"widget\" data-widget_type=\"heading.default\">\n\t\t\t\t<div class=\"elementor-widget-container\">\n\t\t\t\t\t<h2 class=\"elementor-heading-title elementor-size-default\">Czym Grasshopper Cell Food wyr\u00f3\u017cnia si\u0119 na tle innych suplement\u00f3w?<\/h2>\t\t\t\t<\/div>\n\t\t\t\t<\/div>\n\t\t\t\t<div class=\"elementor-element elementor-element-71f50fd elementor-widget elementor-widget-text-editor\" data-id=\"71f50fd\" data-element_type=\"widget\" data-widget_type=\"text-editor.default\">\n\t\t\t\t<div class=\"elementor-widget-container\">\n\t\t\t\t\t\t\t\t\t<ul>\n \t<li><strong>Ponad 310 sk\u0142adnik\u00f3w<\/strong> \u2013 witaminy (w formie metylowanej!), minera\u0142y, aminokwasy, antyoksydanty, esencjonalne kwasy t\u0142uszczowe.<\/li>\n \t<li><strong>100% czysta formu\u0142a<\/strong> \u2013 bez metali ci\u0119\u017ckich, sztucznych dodatk\u00f3w, wype\u0142niaczy, glutenu i GMO.<\/li>\n \t<li><strong>Unikalna forma p\u0142ynna<\/strong> \u2013 <strong>szklana butelka<\/strong>, najwy\u017csza jako\u015b\u0107 i przyswajalno\u015b\u0107.<\/li>\n \t<li><strong>Zero substancji toksycznych i konserwant\u00f3w<\/strong> \u2013 tylko to, co najlepsze dla Twojego cia\u0142a.<\/li>\n \t<li><strong>Dodatek \u201eczarnego z\u0142ota\u201d<\/strong> \u2013 substancji zwi\u0119kszaj\u0105cej biodost\u0119pno\u015b\u0107 i detoksykacj\u0119 na poziomie kom\u00f3rkowym!<\/li>\n \t<li><strong>Niespotykana na rynku forma witaminy B12 \u2013 adenozylokobalamina<\/strong>, kt\u00f3ra <strong>natychmiast podnosi poziom energii<\/strong>.<\/li>\n \t<li><strong>Ca\u0142y kompleks witamin B w metylowanych formach<\/strong> \u2013 skuteczniej wspiera organizm i blokuje ekspresj\u0119 \u201ez\u0142ych gen\u00f3w\u201d.<\/li>\n \t<li><strong>Wysokie st\u0119\u017cenie minera\u0142\u00f3w alkalizuj\u0105cych<\/strong> \u2013 obni\u017caj\u0105 zakwaszenie i wspieraj\u0105 r\u00f3wnowag\u0119 kwasowo-zasadow\u0105.<\/li>\n<\/ul>\t\t\t\t\t\t\t\t<\/div>\n\t\t\t\t<\/div>\n\t\t\t\t<\/div>\n\t\t\t\t<\/div>\n\t\t<div class=\"elementor-element elementor-element-b3c9628 e-con-full e-flex wpr-particle-no wpr-jarallax-no wpr-parallax-no wpr-sticky-section-no e-con e-parent\" data-id=\"b3c9628\" data-element_type=\"container\" data-settings=\"{&quot;background_background&quot;:&quot;classic&quot;}\">\n\t\t<div class=\"elementor-element elementor-element-2190540 e-con-full e-flex wpr-particle-no wpr-jarallax-no wpr-parallax-no wpr-sticky-section-no e-con e-child\" data-id=\"2190540\" data-element_type=\"container\">\n\t\t\t\t<div class=\"elementor-element elementor-element-ee2000f elementor-widget elementor-widget-heading\" data-id=\"ee2000f\" data-element_type=\"widget\" data-widget_type=\"heading.default\">\n\t\t\t\t<div class=\"elementor-widget-container\">\n\t\t\t\t\t<h2 class=\"elementor-heading-title elementor-size-default\">Dlaczego warto?<\/h2>\t\t\t\t<\/div>\n\t\t\t\t<\/div>\n\t\t\t\t<div class=\"elementor-element elementor-element-13fc6db elementor-widget elementor-widget-text-editor\" data-id=\"13fc6db\" data-element_type=\"widget\" data-widget_type=\"text-editor.default\">\n\t\t\t\t<div class=\"elementor-widget-container\">\n\t\t\t\t\t\t\t\t\t<ul><li><strong>Jedna uncja dziennie<\/strong> (dwie \u0142y\u017cki sto\u0142owe) to komplet sk\u0142adnik\u00f3w na ca\u0142y dzie\u0144!<\/li><li>Mo\u017cesz doda\u0107 do szejka, smoothie lub po prostu wypi\u0107 z wod\u0105.<\/li><li><strong>Wyj\u0105tkowy sk\u0142ad<\/strong> \u2013 a\u017c 310 sk\u0142adnik\u00f3w od\u017cywczych w jednej dawce!<\/li><li>Produkt dost\u0119pny <strong>wy\u0142\u0105cznie w Aptece Grasshopper (Konik Polny) oraz online<\/strong>.<\/li><\/ul>\t\t\t\t\t\t\t\t<\/div>\n\t\t\t\t<\/div>\n\t\t\t\t<\/div>\n\t\t<div class=\"elementor-element elementor-element-5dbf154 e-con-full e-flex wpr-particle-no wpr-jarallax-no wpr-parallax-no wpr-sticky-section-no e-con e-child\" data-id=\"5dbf154\" data-element_type=\"container\">\n\t\t\t\t<div class=\"elementor-element elementor-element-0aa0168 elementor-widget elementor-widget-image\" data-id=\"0aa0168\" data-element_type=\"widget\" data-widget_type=\"image.default\">\n\t\t\t\t<div class=\"elementor-widget-container\">\n\t\t\t\t\t\t\t\t\t\t\t\t\t\t\t<img decoding=\"async\" width=\"1024\" height=\"1024\" src=\"https:\/\/grasshopper.chosenone.pl\/wp-content\/uploads\/2025\/09\/Opis4.webp\" class=\"attachment-large size-large wp-image-869\" alt=\"\" srcset=\"https:\/\/grasshopper.chosenone.pl\/wp-content\/uploads\/2025\/09\/Opis4.webp 1024w, https:\/\/grasshopper.chosenone.pl\/wp-content\/uploads\/2025\/09\/Opis4-300x300.webp 300w, https:\/\/grasshopper.chosenone.pl\/wp-content\/uploads\/2025\/09\/Opis4-150x150.webp 150w, https:\/\/grasshopper.chosenone.pl\/wp-content\/uploads\/2025\/09\/Opis4-768x768.webp 768w, https:\/\/grasshopper.chosenone.pl\/wp-content\/uploads\/2025\/09\/Opis4-12x12.webp 12w, https:\/\/grasshopper.chosenone.pl\/wp-content\/uploads\/2025\/09\/Opis4-600x600.webp 600w, https:\/\/grasshopper.chosenone.pl\/wp-content\/uploads\/2025\/09\/Opis4-100x100.webp 100w\" sizes=\"(max-width: 1024px) 100vw, 1024px\" \/>\t\t\t\t\t\t\t\t\t\t\t\t\t\t\t<\/div>\n\t\t\t\t<\/div>\n\t\t\t\t<\/div>\n\t\t\t\t<\/div>\n\t\t<div class=\"elementor-element elementor-element-33d47ba e-con-full e-flex wpr-particle-no wpr-jarallax-no wpr-parallax-no wpr-sticky-section-no e-con e-parent\" data-id=\"33d47ba\" data-element_type=\"container\" data-settings=\"{&quot;background_background&quot;:&quot;classic&quot;}\">\n\t\t<div class=\"elementor-element elementor-element-3f76c37 e-con-full e-flex wpr-particle-no wpr-jarallax-no wpr-parallax-no wpr-sticky-section-no e-con e-child\" data-id=\"3f76c37\" data-element_type=\"container\">\n\t\t\t\t<div class=\"elementor-element elementor-element-5abd9ca elementor-widget elementor-widget-image\" data-id=\"5abd9ca\" data-element_type=\"widget\" data-widget_type=\"image.default\">\n\t\t\t\t<div class=\"elementor-widget-container\">\n\t\t\t\t\t\t\t\t\t\t\t\t\t\t\t<img loading=\"lazy\" decoding=\"async\" width=\"1024\" height=\"1024\" src=\"https:\/\/grasshopper.chosenone.pl\/wp-content\/uploads\/2025\/09\/Opis5.webp\" class=\"attachment-large size-large wp-image-870\" alt=\"\" srcset=\"https:\/\/grasshopper.chosenone.pl\/wp-content\/uploads\/2025\/09\/Opis5.webp 1024w, https:\/\/grasshopper.chosenone.pl\/wp-content\/uploads\/2025\/09\/Opis5-300x300.webp 300w, https:\/\/grasshopper.chosenone.pl\/wp-content\/uploads\/2025\/09\/Opis5-150x150.webp 150w, https:\/\/grasshopper.chosenone.pl\/wp-content\/uploads\/2025\/09\/Opis5-768x768.webp 768w, https:\/\/grasshopper.chosenone.pl\/wp-content\/uploads\/2025\/09\/Opis5-12x12.webp 12w, https:\/\/grasshopper.chosenone.pl\/wp-content\/uploads\/2025\/09\/Opis5-600x600.webp 600w, https:\/\/grasshopper.chosenone.pl\/wp-content\/uploads\/2025\/09\/Opis5-100x100.webp 100w\" sizes=\"(max-width: 1024px) 100vw, 1024px\" \/>\t\t\t\t\t\t\t\t\t\t\t\t\t\t\t<\/div>\n\t\t\t\t<\/div>\n\t\t\t\t<\/div>\n\t\t<div class=\"elementor-element elementor-element-185614f e-con-full e-flex wpr-particle-no wpr-jarallax-no wpr-parallax-no wpr-sticky-section-no e-con e-child\" data-id=\"185614f\" data-element_type=\"container\">\n\t\t\t\t<div class=\"elementor-element elementor-element-f961397 elementor-widget elementor-widget-heading\" data-id=\"f961397\" data-element_type=\"widget\" data-widget_type=\"heading.default\">\n\t\t\t\t<div class=\"elementor-widget-container\">\n\t\t\t\t\t<h2 class=\"elementor-heading-title elementor-size-default\">Dla kogo jest Grasshopper Cell Food?<\/h2>\t\t\t\t<\/div>\n\t\t\t\t<\/div>\n\t\t\t\t<div class=\"elementor-element elementor-element-1b2b19f elementor-widget elementor-widget-text-editor\" data-id=\"1b2b19f\" data-element_type=\"widget\" data-widget_type=\"text-editor.default\">\n\t\t\t\t<div class=\"elementor-widget-container\">\n\t\t\t\t\t\t\t\t\t<ul><li>Dla ka\u017cdego, kto szuka <strong>naturalnego wsparcia energii, odporno\u015bci, lepszej regeneracji i oczyszczenia<\/strong> organizmu.<\/li><li>Dla tych, kt\u00f3rzy maj\u0105 do\u015b\u0107 tanich, nieskutecznych kapsu\u0142ek i chc\u0105 czego\u015b naprawd\u0119 skutecznego.<\/li><li>Dla wszystkich, kt\u00f3rzy chc\u0105 <strong>zadba\u0107 o zdrowie, m\u0142ody wygl\u0105d, witalno\u015b\u0107 i d\u0142ugowieczno\u015b\u0107<\/strong>.<\/li><li>\u00a0<\/li><\/ul>\t\t\t\t\t\t\t\t<\/div>\n\t\t\t\t<\/div>\n\t\t\t\t<\/div>\n\t\t\t\t<\/div>\n\t\t<div class=\"elementor-element elementor-element-a003eb1 e-con-full e-flex wpr-particle-no wpr-jarallax-no wpr-parallax-no wpr-sticky-section-no e-con e-parent\" data-id=\"a003eb1\" data-element_type=\"container\" data-settings=\"{&quot;background_background&quot;:&quot;classic&quot;}\">\n\t\t<div class=\"elementor-element elementor-element-c525950 e-con-full e-flex wpr-particle-no wpr-jarallax-no wpr-parallax-no wpr-sticky-section-no e-con e-child\" data-id=\"c525950\" data-element_type=\"container\">\n\t\t\t\t<div class=\"elementor-element elementor-element-a605598 elementor-widget elementor-widget-heading\" data-id=\"a605598\" data-element_type=\"widget\" data-widget_type=\"heading.default\">\n\t\t\t\t<div class=\"elementor-widget-container\">\n\t\t\t\t\t<h2 class=\"elementor-heading-title elementor-size-default\">Do\u0142\u0105cz do grona tych, kt\u00f3rzy codziennie stawiaj\u0105 na Grasshopper Cell Food \u2013 i poczuj r\u00f3\u017cnic\u0119!<\/h2>\t\t\t\t<\/div>\n\t\t\t\t<\/div>\n\t\t\t\t<div class=\"elementor-element elementor-element-73067e2 elementor-widget elementor-widget-text-editor\" data-id=\"73067e2\" data-element_type=\"widget\" data-widget_type=\"text-editor.default\">\n\t\t\t\t<div class=\"elementor-widget-container\">\n\t\t\t\t\t\t\t\t\t<p><em>Daj sobie codziennie zastrzyk energii \u2013 Give yourself a jump start!<\/em><\/p>\t\t\t\t\t\t\t\t<\/div>\n\t\t\t\t<\/div>\n\t\t\t\t<\/div>\n\t\t\t\t<\/div>\n\t\t\t\t<\/div>","protected":false},"excerpt":{"rendered":"<div class=\"elementor-element elementor-element-9412b53 elementor-position-top elementor-position-top elementor-widget elementor-widget-image-box\" data-id=\"9412b53\" data-element_type=\"widget\" data-widget_type=\"image-box.default\">\n<div class=\"elementor-widget-container\">\n<div class=\"elementor-image-box-wrapper\">\n<div class=\"elementor-image-box-content\">\n<p>Kompleksowy, p\u0142ynny suplement, kt\u00f3ry daje Ci energi\u0119 na ca\u0142y dzie\u0144 i pe\u0142ne wsparcie dla ka\u017cdej kom\u00f3rki Twojego cia\u0142a.<\/p>\n<p>Wyobra\u017a sobie produkt, kt\u00f3ry \u0142\u0105czy wszystko, czego potrzebujesz, by dba\u0107 o zdrowie i kondycj\u0119 \u2013 ka\u017cdego dnia, przez d\u0142ugie lata!<br \/>\nGrasshopper Cell Food to efekt pracy i pasji zespo\u0142u Grasshopper \u2013 pierwsza na rynku tak pe\u0142na, naturalna i bio-przyswajalna formu\u0142a do codziennego uzupe\u0142niania witamin, minera\u0142\u00f3w i antyoksydant\u00f3w.<\/p>\n<\/div>\n<\/div>\n<\/div>\n<\/div>","protected":false},"featured_media":862,"comment_status":"open","ping_status":"closed","template":"","meta":{"site-sidebar-layout":"no-sidebar","site-content-layout":"","ast-site-content-layout":"normal-width-container","site-content-style":"default","site-sidebar-style":"default","ast-global-header-display":"","ast-banner-title-visibility":"","ast-main-header-display":"","ast-hfb-above-header-display":"","ast-hfb-below-header-display":"","ast-hfb-mobile-header-display":"","site-post-title":"disabled","ast-breadcrumbs-content":"","ast-featured-img":"disabled","footer-sml-layout":"","theme-transparent-header-meta":"default","adv-header-id-meta":"","stick-header-meta":"","header-above-stick-meta":"","header-main-stick-meta":"","header-below-stick-meta":"","astra-migrate-meta-layouts":"set","ast-page-background-enabled":"default","ast-page-background-meta":{"desktop":{"background-color":"var(--ast-global-color-5)","background-image":"","background-repeat":"repeat","background-position":"center center","background-size":"auto","background-attachment":"scroll","background-type":"","background-media":"","overlay-type":"","overlay-color":"","overlay-opacity":"","overlay-gradient":""},"tablet":{"background-color":"","background-image":"","background-repeat":"repeat","background-position":"center center","background-size":"auto","background-attachment":"scroll","background-type":"","background-media":"","overlay-type":"","overlay-color":"","overlay-opacity":"","overlay-gradient":""},"mobile":{"background-color":"","background-image":"","background-repeat":"repeat","background-position":"center center","background-size":"auto","background-attachment":"scroll","background-type":"","background-media":"","overlay-type":"","overlay-color":"","overlay-opacity":"","overlay-gradient":""}},"ast-content-background-meta":{"desktop":{"background-color":"var(--ast-global-color-4)","background-image":"","background-repeat":"repeat","background-position":"center center","background-size":"auto","background-attachment":"scroll","background-type":"","background-media":"","overlay-type":"","overlay-color":"","overlay-opacity":"","overlay-gradient":""},"tablet":{"background-color":"var(--ast-global-color-4)","background-image":"","background-repeat":"repeat","background-position":"center center","background-size":"auto","background-attachment":"scroll","background-type":"","background-media":"","overlay-type":"","overlay-color":"","overlay-opacity":"","overlay-gradient":""},"mobile":{"background-color":"var(--ast-global-color-4)","background-image":"","background-repeat":"repeat","background-position":"center center","background-size":"auto","background-attachment":"scroll","background-type":"","background-media":"","overlay-type":"","overlay-color":"","overlay-opacity":"","overlay-gradient":""}}},"product_brand":[],"product_cat":[29],"product_tag":[],"class_list":{"0":"post-861","1":"product","2":"type-product","3":"status-publish","4":"has-post-thumbnail","6":"product_cat-bez-kategorii","7":"desktop-align-left","8":"tablet-align-left","9":"mobile-align-left","11":"first","12":"instock","13":"shipping-taxable","14":"purchasable","15":"product-type-simple"},"_links":{"self":[{"href":"https:\/\/grasshopper.chosenone.pl\/en\/wp-json\/wp\/v2\/product\/861","targetHints":{"allow":["GET"]}}],"collection":[{"href":"https:\/\/grasshopper.chosenone.pl\/en\/wp-json\/wp\/v2\/product"}],"about":[{"href":"https:\/\/grasshopper.chosenone.pl\/en\/wp-json\/wp\/v2\/types\/product"}],"replies":[{"embeddable":true,"href":"https:\/\/grasshopper.chosenone.pl\/en\/wp-json\/wp\/v2\/comments?post=861"}],"version-history":[{"count":4,"href":"https:\/\/grasshopper.chosenone.pl\/en\/wp-json\/wp\/v2\/product\/861\/revisions"}],"predecessor-version":[{"id":876,"href":"https:\/\/grasshopper.chosenone.pl\/en\/wp-json\/wp\/v2\/product\/861\/revisions\/876"}],"wp:featuredmedia":[{"embeddable":true,"href":"https:\/\/grasshopper.chosenone.pl\/en\/wp-json\/wp\/v2\/media\/862"}],"wp:attachment":[{"href":"https:\/\/grasshopper.chosenone.pl\/en\/wp-json\/wp\/v2\/media?parent=861"}],"wp:term":[{"taxonomy":"product_brand","embeddable":true,"href":"https:\/\/grasshopper.chosenone.pl\/en\/wp-json\/wp\/v2\/product_brand?post=861"},{"taxonomy":"product_cat","embeddable":true,"href":"https:\/\/grasshopper.chosenone.pl\/en\/wp-json\/wp\/v2\/product_cat?post=861"},{"taxonomy":"product_tag","embeddable":true,"href":"https:\/\/grasshopper.chosenone.pl\/en\/wp-json\/wp\/v2\/product_tag?post=861"}],"curies":[{"name":"wp","href":"https:\/\/api.w.org\/{rel}","templated":true}]}}